{"id":2,"date":"2026-02-05T10:23:20","date_gmt":"2026-02-05T10:23:20","guid":{"rendered":"https:\/\/transportecharletyhermanos.rkinformatika.online\/?page_id=2"},"modified":"2026-02-06T09:57:45","modified_gmt":"2026-02-06T09:57:45","slug":"inicio","status":"publish","type":"page","link":"https:\/\/transportecharletyhermanos.com\/en\/","title":{"rendered":"Home"},"content":{"rendered":"\t\t<div data-elementor-type=\"wp-page\" data-elementor-id=\"2\" class=\"elementor elementor-2\" data-elementor-post-type=\"page\">\n\t\t\t\t<div class=\"elementor-element elementor-element-aee6118 e-flex e-con-boxed e-con e-parent\" data-id=\"aee6118\" data-element_type=\"container\" data-e-type=\"container\" data-settings=\"{&quot;background_background&quot;:&quot;slideshow&quot;,&quot;background_slideshow_gallery&quot;:[{&quot;id&quot;:451,&quot;url&quot;:&quot;https:\\\/\\\/transportecharletyhermanos.com\\\/wp-content\\\/uploads\\\/2026\\\/02\\\/434.jpg&quot;},{&quot;id&quot;:452,&quot;url&quot;:&quot;https:\\\/\\\/transportecharletyhermanos.com\\\/wp-content\\\/uploads\\\/2026\\\/02\\\/2102563.jpg&quot;}],&quot;background_slideshow_ken_burns&quot;:&quot;yes&quot;,&quot;background_slideshow_loop&quot;:&quot;yes&quot;,&quot;background_slideshow_slide_duration&quot;:5000,&quot;background_slideshow_slide_transition&quot;:&quot;fade&quot;,&quot;background_slideshow_transition_duration&quot;:500,&quot;background_slideshow_ken_burns_zoom_direction&quot;:&quot;in&quot;}\">\n\t\t\t\t\t<div class=\"e-con-inner\">\n\t\t<div class=\"elementor-element elementor-element-218c6df e-con-full e-flex e-con e-child\" data-id=\"218c6df\" data-element_type=\"container\" data-e-type=\"container\">\n\t\t\t\t<div class=\"elementor-element elementor-element-5c0f13a elementor-invisible elementor-widget elementor-widget-heading\" data-id=\"5c0f13a\" data-element_type=\"widget\" data-e-type=\"widget\" data-settings=\"{&quot;_animation&quot;:&quot;fadeInUp&quot;}\" data-widget_type=\"heading.default\">\n\t\t\t\t\t<h2 class=\"elementor-heading-title elementor-size-default\">Servicio de mensajer\u00eda, recader\u00eda y reparto <\/h2>\t\t\t\t<\/div>\n\t\t\t\t<\/div>\n\t\t\t\t\t<\/div>\n\t\t\t\t<\/div>\n\t\t<div class=\"elementor-element elementor-element-1e5de17 e-flex e-con-boxed e-con e-parent\" data-id=\"1e5de17\" data-element_type=\"container\" data-e-type=\"container\">\n\t\t\t\t\t<div class=\"e-con-inner\">\n\t\t<div class=\"elementor-element elementor-element-3f659a4 e-con-full e-flex e-con e-child\" data-id=\"3f659a4\" data-element_type=\"container\" data-e-type=\"container\">\n\t\t\t\t<div class=\"elementor-element elementor-element-ac92671 elementor-widget elementor-widget-image\" data-id=\"ac92671\" data-element_type=\"widget\" data-e-type=\"widget\" data-widget_type=\"image.default\">\n\t\t\t\t\t\t\t\t\t\t\t\t\t\t\t<img fetchpriority=\"high\" decoding=\"async\" width=\"928\" height=\"588\" src=\"https:\/\/transportecharletyhermanos.com\/wp-content\/uploads\/2026\/02\/Captura-desde-2026-02-05-15-35-29.png\" class=\"attachment-full size-full wp-image-256\" alt=\"\" srcset=\"https:\/\/transportecharletyhermanos.com\/wp-content\/uploads\/2026\/02\/Captura-desde-2026-02-05-15-35-29.png 928w, https:\/\/transportecharletyhermanos.com\/wp-content\/uploads\/2026\/02\/Captura-desde-2026-02-05-15-35-29-300x190.png 300w, https:\/\/transportecharletyhermanos.com\/wp-content\/uploads\/2026\/02\/Captura-desde-2026-02-05-15-35-29-768x487.png 768w, https:\/\/transportecharletyhermanos.com\/wp-content\/uploads\/2026\/02\/Captura-desde-2026-02-05-15-35-29-18x12.png 18w\" sizes=\"(max-width: 928px) 100vw, 928px\" \/>\t\t\t\t\t\t\t\t\t\t\t\t\t\t\t<\/div>\n\t\t\t\t<\/div>\n\t\t<div class=\"elementor-element elementor-element-0baadf3 e-con-full e-flex e-con e-child\" data-id=\"0baadf3\" data-element_type=\"container\" data-e-type=\"container\">\n\t\t\t\t<div class=\"elementor-element elementor-element-31e76ca elementor-widget elementor-widget-heading\" data-id=\"31e76ca\" data-element_type=\"widget\" data-e-type=\"widget\" data-widget_type=\"heading.default\">\n\t\t\t\t\t<h2 class=\"elementor-heading-title elementor-size-default\">SOBRE NOSTROS<\/h2>\t\t\t\t<\/div>\n\t\t\t\t<div class=\"elementor-element elementor-element-df762ae elementor-invisible elementor-widget elementor-widget-heading\" data-id=\"df762ae\" data-element_type=\"widget\" data-e-type=\"widget\" data-settings=\"{&quot;_animation&quot;:&quot;fadeIn&quot;,&quot;_animation_delay&quot;:50}\" data-widget_type=\"heading.default\">\n\t\t\t\t\t<h2 class=\"elementor-heading-title elementor-size-default\">Historia<\/h2>\t\t\t\t<\/div>\n\t\t\t\t<div class=\"elementor-element elementor-element-a33dba0 elementor-widget-divider--view-line elementor-widget elementor-widget-divider\" data-id=\"a33dba0\" data-element_type=\"widget\" data-e-type=\"widget\" data-widget_type=\"divider.default\">\n\t\t\t\t\t\t\t<div class=\"elementor-divider\">\n\t\t\t<span class=\"elementor-divider-separator\">\n\t\t\t\t\t\t<\/span>\n\t\t<\/div>\n\t\t\t\t\t\t<\/div>\n\t\t\t\t<div class=\"elementor-element elementor-element-70f1677 elementor-widget elementor-widget-text-editor\" data-id=\"70f1677\" data-element_type=\"widget\" data-e-type=\"widget\" data-widget_type=\"text-editor.default\">\n\t\t\t\t\t\t\t\t\t<p>Nuestra empresa de mensajer\u00eda y recader\u00eda naci\u00f3 hace un a\u00f1o con un objetivo claro: ofrecer un servicio de repartos r\u00e1pido, confiable y cercano a nuestros clientes.<\/p>\n<p>Comenzamos recorriendo la ciudad con mucho esfuerzo, compromiso y ganas de salir adelante, atendiendo cada env\u00edo como si fuera propio.<\/p>\n<p>Durante este primer a\u00f1o hemos crecido gracias a la confianza de nuestros clientes, aprendiendo cada d\u00eda y mejorando nuestros tiempos y atenci\u00f3n.<\/p>\t\t\t\t\t\t\t\t<\/div>\n\t\t\t\t<\/div>\n\t\t\t\t\t<\/div>\n\t\t\t\t<\/div>\n\t\t<div class=\"elementor-element elementor-element-e2bcc48 e-flex e-con-boxed e-con e-parent\" data-id=\"e2bcc48\" data-element_type=\"container\" data-e-type=\"container\">\n\t\t\t\t\t<div class=\"e-con-inner\">\n\t\t<div class=\"elementor-element elementor-element-84e1ba9 e-con-full e-flex e-con e-child\" data-id=\"84e1ba9\" data-element_type=\"container\" data-e-type=\"container\">\n\t\t\t\t<div class=\"elementor-element elementor-element-aecaab9 elementor-widget elementor-widget-heading\" data-id=\"aecaab9\" data-element_type=\"widget\" data-e-type=\"widget\" data-widget_type=\"heading.default\">\n\t\t\t\t\t<h2 class=\"elementor-heading-title elementor-size-default\">\u00a1ENTREGAS CLARAS, CLIENTES TRANQUILOS!<\/h2>\t\t\t\t<\/div>\n\t\t\t\t<div class=\"elementor-element elementor-element-ca3a159 elementor-invisible elementor-widget elementor-widget-heading\" data-id=\"ca3a159\" data-element_type=\"widget\" data-e-type=\"widget\" data-settings=\"{&quot;_animation&quot;:&quot;fadeIn&quot;,&quot;_animation_delay&quot;:50}\" data-widget_type=\"heading.default\">\n\t\t\t\t\t<h2 class=\"elementor-heading-title elementor-size-default\">entrega rapida y segura<\/h2>\t\t\t\t<\/div>\n\t\t\t\t<div class=\"elementor-element elementor-element-2e2d46a elementor-widget-divider--view-line elementor-widget elementor-widget-divider\" data-id=\"2e2d46a\" data-element_type=\"widget\" data-e-type=\"widget\" data-widget_type=\"divider.default\">\n\t\t\t\t\t\t\t<div class=\"elementor-divider\">\n\t\t\t<span class=\"elementor-divider-separator\">\n\t\t\t\t\t\t<\/span>\n\t\t<\/div>\n\t\t\t\t\t\t<\/div>\n\t\t\t\t<div class=\"elementor-element elementor-element-0510093 elementor-widget elementor-widget-text-editor\" data-id=\"0510093\" data-element_type=\"widget\" data-e-type=\"widget\" data-widget_type=\"text-editor.default\">\n\t\t\t\t\t\t\t\t\t<p>Nos especializamos en mensajer\u00eda, recader\u00eda y repartos, siempre con responsabilidad, puntualidad y trato amable.<\/p>\n<p>Hoy seguimos avanzando con la misma dedicaci\u00f3n del primer d\u00eda, comprometidos a llevar tus env\u00edos de forma segura y eficiente, porque sabemos que detr\u00e1s de cada entrega hay una necesidad importante.<\/p>\t\t\t\t\t\t\t\t<\/div>\n\t\t\t\t<\/div>\n\t\t<div class=\"elementor-element elementor-element-260ba8f e-con-full e-flex e-con e-child\" data-id=\"260ba8f\" data-element_type=\"container\" data-e-type=\"container\">\n\t\t\t\t<div class=\"elementor-element elementor-element-4595c75 elementor-widget elementor-widget-image\" data-id=\"4595c75\" data-element_type=\"widget\" data-e-type=\"widget\" data-widget_type=\"image.default\">\n\t\t\t\t\t\t\t\t\t\t\t\t\t\t\t<img decoding=\"async\" width=\"928\" height=\"588\" src=\"https:\/\/transportecharletyhermanos.com\/wp-content\/uploads\/2026\/02\/Captura-desde-2026-02-05-15-35-44.png\" class=\"attachment-full size-full wp-image-255\" alt=\"\" srcset=\"https:\/\/transportecharletyhermanos.com\/wp-content\/uploads\/2026\/02\/Captura-desde-2026-02-05-15-35-44.png 928w, https:\/\/transportecharletyhermanos.com\/wp-content\/uploads\/2026\/02\/Captura-desde-2026-02-05-15-35-44-300x190.png 300w, https:\/\/transportecharletyhermanos.com\/wp-content\/uploads\/2026\/02\/Captura-desde-2026-02-05-15-35-44-768x487.png 768w, https:\/\/transportecharletyhermanos.com\/wp-content\/uploads\/2026\/02\/Captura-desde-2026-02-05-15-35-44-18x12.png 18w\" sizes=\"(max-width: 928px) 100vw, 928px\" \/>\t\t\t\t\t\t\t\t\t\t\t\t\t\t\t<\/div>\n\t\t\t\t<\/div>\n\t\t\t\t\t<\/div>\n\t\t\t\t<\/div>\n\t\t<div class=\"elementor-element elementor-element-b2d8d90 e-flex e-con-boxed e-con e-parent\" data-id=\"b2d8d90\" data-element_type=\"container\" data-e-type=\"container\" data-settings=\"{&quot;background_background&quot;:&quot;classic&quot;}\">\n\t\t\t\t\t<div class=\"e-con-inner\">\n\t\t\t\t<div class=\"elementor-element elementor-element-c92e2ea elementor-invisible elementor-widget elementor-widget-heading\" data-id=\"c92e2ea\" data-element_type=\"widget\" data-e-type=\"widget\" data-settings=\"{&quot;_animation&quot;:&quot;fadeInDown&quot;}\" data-widget_type=\"heading.default\">\n\t\t\t\t\t<h2 class=\"elementor-heading-title elementor-size-default\">\u00a1Entregamos tus env\u00edos con cuidado, precisi\u00f3n y compromiso, siempre a tiempo!<\/h2>\t\t\t\t<\/div>\n\t\t\t\t<div class=\"elementor-element elementor-element-564f02c elementor-invisible elementor-widget elementor-widget-button\" data-id=\"564f02c\" data-element_type=\"widget\" data-e-type=\"widget\" data-settings=\"{&quot;_animation&quot;:&quot;fadeInDown&quot;}\" data-widget_type=\"button.default\">\n\t\t\t\t\t\t\t\t\t\t<a class=\"elementor-button elementor-button-link elementor-size-sm elementor-animation-push\" href=\"\/servicios\">\n\t\t\t\t\t\t<span class=\"elementor-button-content-wrapper\">\n\t\t\t\t\t\t\t\t\t<span class=\"elementor-button-text\">Servicios<\/span>\n\t\t\t\t\t<\/span>\n\t\t\t\t\t<\/a>\n\t\t\t\t\t\t\t\t<\/div>\n\t\t\t\t\t<\/div>\n\t\t\t\t<\/div>\n\t\t<div class=\"elementor-element elementor-element-2cf23b3 e-flex e-con-boxed e-con e-parent\" data-id=\"2cf23b3\" data-element_type=\"container\" data-e-type=\"container\">\n\t\t\t\t\t<div class=\"e-con-inner\">\n\t\t<div class=\"elementor-element elementor-element-21df1a3 e-con-full e-flex e-con e-child\" data-id=\"21df1a3\" data-element_type=\"container\" data-e-type=\"container\">\n\t\t\t\t<div class=\"elementor-element elementor-element-fb8d93e elementor-widget elementor-widget-image\" data-id=\"fb8d93e\" data-element_type=\"widget\" data-e-type=\"widget\" data-widget_type=\"image.default\">\n\t\t\t\t\t\t\t\t\t\t\t\t\t\t\t<img decoding=\"async\" width=\"928\" height=\"588\" src=\"https:\/\/transportecharletyhermanos.com\/wp-content\/uploads\/2026\/02\/Captura-desde-2026-02-05-15-39-04.png\" class=\"attachment-full size-full wp-image-261\" alt=\"\" srcset=\"https:\/\/transportecharletyhermanos.com\/wp-content\/uploads\/2026\/02\/Captura-desde-2026-02-05-15-39-04.png 928w, https:\/\/transportecharletyhermanos.com\/wp-content\/uploads\/2026\/02\/Captura-desde-2026-02-05-15-39-04-300x190.png 300w, https:\/\/transportecharletyhermanos.com\/wp-content\/uploads\/2026\/02\/Captura-desde-2026-02-05-15-39-04-768x487.png 768w, https:\/\/transportecharletyhermanos.com\/wp-content\/uploads\/2026\/02\/Captura-desde-2026-02-05-15-39-04-18x12.png 18w\" sizes=\"(max-width: 928px) 100vw, 928px\" \/>\t\t\t\t\t\t\t\t\t\t\t\t\t\t\t<\/div>\n\t\t\t\t<\/div>\n\t\t<div class=\"elementor-element elementor-element-f6fc145 e-con-full e-flex e-con e-child\" data-id=\"f6fc145\" data-element_type=\"container\" data-e-type=\"container\">\n\t\t\t\t<div class=\"elementor-element elementor-element-900a0db elementor-widget elementor-widget-heading\" data-id=\"900a0db\" data-element_type=\"widget\" data-e-type=\"widget\" data-widget_type=\"heading.default\">\n\t\t\t\t\t<h2 class=\"elementor-heading-title elementor-size-default\">\u00a1CUMPLIMOS SIEMPRE!<\/h2>\t\t\t\t<\/div>\n\t\t\t\t<div class=\"elementor-element elementor-element-c5bfd17 elementor-widget-divider--view-line elementor-widget elementor-widget-divider\" data-id=\"c5bfd17\" data-element_type=\"widget\" data-e-type=\"widget\" data-widget_type=\"divider.default\">\n\t\t\t\t\t\t\t<div class=\"elementor-divider\">\n\t\t\t<span class=\"elementor-divider-separator\">\n\t\t\t\t\t\t<\/span>\n\t\t<\/div>\n\t\t\t\t\t\t<\/div>\n\t\t\t\t<div class=\"elementor-element elementor-element-4054881 elementor-invisible elementor-widget elementor-widget-heading\" data-id=\"4054881\" data-element_type=\"widget\" data-e-type=\"widget\" data-settings=\"{&quot;_animation&quot;:&quot;fadeIn&quot;,&quot;_animation_delay&quot;:50}\" data-widget_type=\"heading.default\">\n\t\t\t\t\t<h2 class=\"elementor-heading-title elementor-size-default\">Tu paquete en buenas manos.<\/h2>\t\t\t\t<\/div>\n\t\t\t\t<div class=\"elementor-element elementor-element-ffb0d3b elementor-widget elementor-widget-text-editor\" data-id=\"ffb0d3b\" data-element_type=\"widget\" data-e-type=\"widget\" data-widget_type=\"text-editor.default\">\n\t\t\t\t\t\t\t\t\t<p>Hemos implementado un sistema de seguimiento en tiempo real que permite a nuestros clientes estar informados sobre el estado de sus env\u00edos en todo momento.<br \/>Adem\u00e1s, hemos ampliado nuestra flota de veh\u00edculos y nuestro equipo humano para garantizar que podamos atender cada solicitud de manera m\u00e1s \u00e1gil y efectiva.<\/p>\n<p>Gracias a las recomendaciones de nuestros usuarios, hemos establecido alianzas con otras empresas locales para ofrecer promociones y descuentos exclusivos.<\/p>\n<p>Nos sentimos agradecidos por el apoyo que hemos recibido y estamos entusiasmados por lo que el futuro nos depara.<\/p>\t\t\t\t\t\t\t\t<\/div>\n\t\t\t\t<\/div>\n\t\t\t\t\t<\/div>\n\t\t\t\t<\/div>\n\t\t\t\t<\/div>\n\t\t","protected":false},"excerpt":{"rendered":"<p>Servicio de mensajer\u00eda, recader\u00eda y reparto SOBRE NOSTROS Historia Nuestra empresa de mensajer\u00eda y recader\u00eda naci\u00f3 hace un a\u00f1o con un objetivo claro: ofrecer un servicio de repartos r\u00e1pido, confiable y cercano a nuestros clientes. Comenzamos recorriendo la ciudad con mucho esfuerzo, compromiso y ganas de salir adelante, atendiendo cada env\u00edo como si fuera propio. [&hellip;]<\/p>\n","protected":false},"author":1,"featured_media":0,"parent":0,"menu_order":0,"comment_status":"closed","ping_status":"closed","template":"elementor_canvas","meta":{"footnotes":""},"class_list":["post-2","page","type-page","status-publish","hentry"],"yoast_head":"<!-- This site is optimized with the Yoast SEO plugin v27.3 - https:\/\/yoast.com\/product\/yoast-seo-wordpress\/ -->\n<title>Inicio - Transporte Charlet y Hermanos<\/title>\n<meta name=\"robots\" content=\"index, follow, max-snippet:-1, max-image-preview:large, max-video-preview:-1\" \/>\n<link rel=\"canonical\" href=\"https:\/\/transportecharletyhermanos.com\/en\/\" \/>\n<meta property=\"og:locale\" content=\"en_GB\" \/>\n<meta property=\"og:type\" content=\"article\" \/>\n<meta property=\"og:title\" content=\"Inicio - Transporte Charlet y Hermanos\" \/>\n<meta property=\"og:description\" content=\"Servicio de mensajer\u00eda, recader\u00eda y reparto SOBRE NOSTROS Historia Nuestra empresa de mensajer\u00eda y recader\u00eda naci\u00f3 hace un a\u00f1o con un objetivo claro: ofrecer un servicio de repartos r\u00e1pido, confiable y cercano a nuestros clientes. Comenzamos recorriendo la ciudad con mucho esfuerzo, compromiso y ganas de salir adelante, atendiendo cada env\u00edo como si fuera propio. [&hellip;]\" \/>\n<meta property=\"og:url\" content=\"https:\/\/transportecharletyhermanos.com\/en\/\" \/>\n<meta property=\"og:site_name\" content=\"Transporte Charlet y Hermanos\" \/>\n<meta property=\"article:modified_time\" content=\"2026-02-06T09:57:45+00:00\" \/>\n<meta property=\"og:image\" content=\"https:\/\/transportecharletyhermanos.com\/wp-content\/uploads\/2026\/02\/Captura-desde-2026-02-05-15-35-29.png\" \/>\n<meta name=\"twitter:card\" content=\"summary_large_image\" \/>\n<meta name=\"twitter:label1\" content=\"Estimated reading time\" \/>\n\t<meta name=\"twitter:data1\" content=\"2 minutes\" \/>\n<script type=\"application\/ld+json\" class=\"yoast-schema-graph\">{\"@context\":\"https:\\\/\\\/schema.org\",\"@graph\":[{\"@type\":\"WebPage\",\"@id\":\"https:\\\/\\\/transportecharletyhermanos.com\\\/\",\"url\":\"https:\\\/\\\/transportecharletyhermanos.com\\\/\",\"name\":\"Inicio - Transporte Charlet y Hermanos\",\"isPartOf\":{\"@id\":\"https:\\\/\\\/transportecharletyhermanos.com\\\/#website\"},\"primaryImageOfPage\":{\"@id\":\"https:\\\/\\\/transportecharletyhermanos.com\\\/#primaryimage\"},\"image\":{\"@id\":\"https:\\\/\\\/transportecharletyhermanos.com\\\/#primaryimage\"},\"thumbnailUrl\":\"https:\\\/\\\/transportecharletyhermanos.com\\\/wp-content\\\/uploads\\\/2026\\\/02\\\/Captura-desde-2026-02-05-15-35-29.png\",\"datePublished\":\"2026-02-05T10:23:20+00:00\",\"dateModified\":\"2026-02-06T09:57:45+00:00\",\"breadcrumb\":{\"@id\":\"https:\\\/\\\/transportecharletyhermanos.com\\\/#breadcrumb\"},\"inLanguage\":\"en-GB\",\"potentialAction\":[{\"@type\":\"ReadAction\",\"target\":[\"https:\\\/\\\/transportecharletyhermanos.com\\\/\"]}]},{\"@type\":\"ImageObject\",\"inLanguage\":\"en-GB\",\"@id\":\"https:\\\/\\\/transportecharletyhermanos.com\\\/#primaryimage\",\"url\":\"https:\\\/\\\/transportecharletyhermanos.com\\\/wp-content\\\/uploads\\\/2026\\\/02\\\/Captura-desde-2026-02-05-15-35-29.png\",\"contentUrl\":\"https:\\\/\\\/transportecharletyhermanos.com\\\/wp-content\\\/uploads\\\/2026\\\/02\\\/Captura-desde-2026-02-05-15-35-29.png\"},{\"@type\":\"BreadcrumbList\",\"@id\":\"https:\\\/\\\/transportecharletyhermanos.com\\\/#breadcrumb\",\"itemListElement\":[{\"@type\":\"ListItem\",\"position\":1,\"name\":\"Portada\",\"item\":\"https:\\\/\\\/transportecharletyhermanos.com\\\/\"},{\"@type\":\"ListItem\",\"position\":2,\"name\":\"Inicio\"}]},{\"@type\":\"WebSite\",\"@id\":\"https:\\\/\\\/transportecharletyhermanos.com\\\/#website\",\"url\":\"https:\\\/\\\/transportecharletyhermanos.com\\\/\",\"name\":\"Transporte Charlet y Hermanos\",\"description\":\"Transporte Charlet y Hermanos\",\"publisher\":{\"@id\":\"https:\\\/\\\/transportecharletyhermanos.com\\\/#organization\"},\"potentialAction\":[{\"@type\":\"SearchAction\",\"target\":{\"@type\":\"EntryPoint\",\"urlTemplate\":\"https:\\\/\\\/transportecharletyhermanos.com\\\/?s={search_term_string}\"},\"query-input\":{\"@type\":\"PropertyValueSpecification\",\"valueRequired\":true,\"valueName\":\"search_term_string\"}}],\"inLanguage\":\"en-GB\"},{\"@type\":\"Organization\",\"@id\":\"https:\\\/\\\/transportecharletyhermanos.com\\\/#organization\",\"name\":\"Transporte Charlet y Hermanos\",\"url\":\"https:\\\/\\\/transportecharletyhermanos.com\\\/\",\"logo\":{\"@type\":\"ImageObject\",\"inLanguage\":\"en-GB\",\"@id\":\"https:\\\/\\\/transportecharletyhermanos.com\\\/#\\\/schema\\\/logo\\\/image\\\/\",\"url\":\"https:\\\/\\\/transportecharletyhermanos.com\\\/wp-content\\\/uploads\\\/2026\\\/02\\\/logo_web-removebg-preview.png\",\"contentUrl\":\"https:\\\/\\\/transportecharletyhermanos.com\\\/wp-content\\\/uploads\\\/2026\\\/02\\\/logo_web-removebg-preview.png\",\"width\":872,\"height\":286,\"caption\":\"Transporte Charlet y Hermanos\"},\"image\":{\"@id\":\"https:\\\/\\\/transportecharletyhermanos.com\\\/#\\\/schema\\\/logo\\\/image\\\/\"}}]}<\/script>\n<!-- \/ Yoast SEO plugin. -->","yoast_head_json":{"title":"Inicio - Transporte Charlet y Hermanos","robots":{"index":"index","follow":"follow","max-snippet":"max-snippet:-1","max-image-preview":"max-image-preview:large","max-video-preview":"max-video-preview:-1"},"canonical":"https:\/\/transportecharletyhermanos.com\/en\/","og_locale":"en_GB","og_type":"article","og_title":"Inicio - Transporte Charlet y Hermanos","og_description":"Servicio de mensajer\u00eda, recader\u00eda y reparto SOBRE NOSTROS Historia Nuestra empresa de mensajer\u00eda y recader\u00eda naci\u00f3 hace un a\u00f1o con un objetivo claro: ofrecer un servicio de repartos r\u00e1pido, confiable y cercano a nuestros clientes. Comenzamos recorriendo la ciudad con mucho esfuerzo, compromiso y ganas de salir adelante, atendiendo cada env\u00edo como si fuera propio. [&hellip;]","og_url":"https:\/\/transportecharletyhermanos.com\/en\/","og_site_name":"Transporte Charlet y Hermanos","article_modified_time":"2026-02-06T09:57:45+00:00","og_image":[{"url":"https:\/\/transportecharletyhermanos.com\/wp-content\/uploads\/2026\/02\/Captura-desde-2026-02-05-15-35-29.png","type":"","width":"","height":""}],"twitter_card":"summary_large_image","twitter_misc":{"Estimated reading time":"2 minutes"},"schema":{"@context":"https:\/\/schema.org","@graph":[{"@type":"WebPage","@id":"https:\/\/transportecharletyhermanos.com\/","url":"https:\/\/transportecharletyhermanos.com\/","name":"Inicio - Transporte Charlet y Hermanos","isPartOf":{"@id":"https:\/\/transportecharletyhermanos.com\/#website"},"primaryImageOfPage":{"@id":"https:\/\/transportecharletyhermanos.com\/#primaryimage"},"image":{"@id":"https:\/\/transportecharletyhermanos.com\/#primaryimage"},"thumbnailUrl":"https:\/\/transportecharletyhermanos.com\/wp-content\/uploads\/2026\/02\/Captura-desde-2026-02-05-15-35-29.png","datePublished":"2026-02-05T10:23:20+00:00","dateModified":"2026-02-06T09:57:45+00:00","breadcrumb":{"@id":"https:\/\/transportecharletyhermanos.com\/#breadcrumb"},"inLanguage":"en-GB","potentialAction":[{"@type":"ReadAction","target":["https:\/\/transportecharletyhermanos.com\/"]}]},{"@type":"ImageObject","inLanguage":"en-GB","@id":"https:\/\/transportecharletyhermanos.com\/#primaryimage","url":"https:\/\/transportecharletyhermanos.com\/wp-content\/uploads\/2026\/02\/Captura-desde-2026-02-05-15-35-29.png","contentUrl":"https:\/\/transportecharletyhermanos.com\/wp-content\/uploads\/2026\/02\/Captura-desde-2026-02-05-15-35-29.png"},{"@type":"BreadcrumbList","@id":"https:\/\/transportecharletyhermanos.com\/#breadcrumb","itemListElement":[{"@type":"ListItem","position":1,"name":"Portada","item":"https:\/\/transportecharletyhermanos.com\/"},{"@type":"ListItem","position":2,"name":"Inicio"}]},{"@type":"WebSite","@id":"https:\/\/transportecharletyhermanos.com\/#website","url":"https:\/\/transportecharletyhermanos.com\/","name":"Transporte Charlet y Hermanos","description":"Transporte Charlet y Hermanos","publisher":{"@id":"https:\/\/transportecharletyhermanos.com\/#organization"},"potentialAction":[{"@type":"SearchAction","target":{"@type":"EntryPoint","urlTemplate":"https:\/\/transportecharletyhermanos.com\/?s={search_term_string}"},"query-input":{"@type":"PropertyValueSpecification","valueRequired":true,"valueName":"search_term_string"}}],"inLanguage":"en-GB"},{"@type":"Organization","@id":"https:\/\/transportecharletyhermanos.com\/#organization","name":"Transporte Charlet y Hermanos","url":"https:\/\/transportecharletyhermanos.com\/","logo":{"@type":"ImageObject","inLanguage":"en-GB","@id":"https:\/\/transportecharletyhermanos.com\/#\/schema\/logo\/image\/","url":"https:\/\/transportecharletyhermanos.com\/wp-content\/uploads\/2026\/02\/logo_web-removebg-preview.png","contentUrl":"https:\/\/transportecharletyhermanos.com\/wp-content\/uploads\/2026\/02\/logo_web-removebg-preview.png","width":872,"height":286,"caption":"Transporte Charlet y Hermanos"},"image":{"@id":"https:\/\/transportecharletyhermanos.com\/#\/schema\/logo\/image\/"}}]}},"_links":{"self":[{"href":"https:\/\/transportecharletyhermanos.com\/en\/wp-json\/wp\/v2\/pages\/2","targetHints":{"allow":["GET"]}}],"collection":[{"href":"https:\/\/transportecharletyhermanos.com\/en\/wp-json\/wp\/v2\/pages"}],"about":[{"href":"https:\/\/transportecharletyhermanos.com\/en\/wp-json\/wp\/v2\/types\/page"}],"author":[{"embeddable":true,"href":"https:\/\/transportecharletyhermanos.com\/en\/wp-json\/wp\/v2\/users\/1"}],"replies":[{"embeddable":true,"href":"https:\/\/transportecharletyhermanos.com\/en\/wp-json\/wp\/v2\/comments?post=2"}],"version-history":[{"count":130,"href":"https:\/\/transportecharletyhermanos.com\/en\/wp-json\/wp\/v2\/pages\/2\/revisions"}],"predecessor-version":[{"id":455,"href":"https:\/\/transportecharletyhermanos.com\/en\/wp-json\/wp\/v2\/pages\/2\/revisions\/455"}],"wp:attachment":[{"href":"https:\/\/transportecharletyhermanos.com\/en\/wp-json\/wp\/v2\/media?parent=2"}],"curies":[{"name":"wp","href":"https:\/\/api.w.org\/{rel}","templated":true}]}}